{"id":2403,"date":"2023-04-11T20:59:16","date_gmt":"2023-04-11T20:59:16","guid":{"rendered":"https:\/\/cinar.md\/?page_id=2403"},"modified":"2023-06-03T14:00:56","modified_gmt":"2023-06-03T14:00:56","slug":"despre-cinar","status":"publish","type":"page","link":"https:\/\/cinar.md\/?page_id=2403&lang=ro","title":{"rendered":"Despre Cinar"},"content":{"rendered":"<p><div class=\"fusion-fullwidth fullwidth-box fusion-builder-row-1 fusion-flex-container fusion-parallax-none hundred-percent-fullwidth non-hundred-percent-height-scrolling lazyload\" style=\"--awb-background-position:center bottom;--awb-border-radius-top-left:0px;--awb-border-radius-top-right:0px;--awb-border-radius-bottom-right:0px;--awb-border-radius-bottom-left:0px;--awb-padding-right:0px;--awb-padding-left:0px;--awb-background-image:linear-gradient(180deg, var(--awb-color8) 0%,hsla(var(--awb-color8-h),var(--awb-color8-s),var(--awb-color8-l),calc( var(--awb-color8-a) - 45% )) 100%);;--awb-background-size:cover;\" data-bg=\"https:\/\/cinar.md\/wp-content\/uploads\/2023\/03\/\u0420\u0435\u0441\u0443\u0440\u0441-1-8-1200x250.png\" data-bg-gradient=\"linear-gradient(180deg, var(--awb-color8) 0%,hsla(var(--awb-color8-h),var(--awb-color8-s),var(--awb-color8-l),calc( var(--awb-color8-a) - 45% )) 100%)\" ><div class=\"fusion-builder-row fusion-row fusion-flex-align-items-flex-start\" style=\"width:104% !important;max-width:104% !important;margin-left: calc(-4% \/ 2 );margin-right: calc(-4% \/ 2 );\"><div class=\"fusion-layout-column fusion_builder_column fusion-builder-column-0 fusion_builder_column_1_1 1_1 fusion-flex-column\" style=\"--awb-padding-top:70px;--awb-padding-bottom:70px;--awb-bg-position:center bottom;--awb-bg-size:cover;--awb-width-large:100%;--awb-margin-top-large:0px;--awb-spacing-right-large:1.92%;--awb-margin-bottom-large:0px;--awb-spacing-left-large:1.92%;--awb-width-medium:100%;--awb-order-medium:0;--awb-spacing-right-medium:1.92%;--awb-spacing-left-medium:1.92%;--awb-width-small:100%;--awb-order-small:0;--awb-spacing-right-small:1.92%;--awb-spacing-left-small:1.92%;\"><div class=\"fusion-column-wrapper fusion-column-has-shadow fusion-flex-justify-content-flex-start fusion-content-layout-column\"><\/div><\/div><\/div><\/div><div class=\"fusion-fullwidth fullwidth-box fusion-builder-row-2 fusion-flex-container nonhundred-percent-fullwidth non-hundred-percent-height-scrolling\" style=\"--awb-background-position:right bottom;--awb-background-repeat:repeat-y;--awb-border-radius-top-left:0px;--awb-border-radius-top-right:0px;--awb-border-radius-bottom-right:0px;--awb-border-radius-bottom-left:0px;--awb-margin-top:100px;\" ><div class=\"fusion-builder-row fusion-row fusion-flex-align-items-flex-start\" style=\"max-width:1393.6px;margin-left: calc(-4% \/ 2 );margin-right: calc(-4% \/ 2 );\"><div class=\"fusion-layout-column fusion_builder_column fusion-builder-column-1 fusion_builder_column_1_2 1_2 fusion-flex-column\" style=\"--awb-bg-size:cover;--awb-width-large:50%;--awb-margin-top-large:0px;--awb-spacing-right-large:3.84%;--awb-margin-bottom-large:0px;--awb-spacing-left-large:3.84%;--awb-width-medium:50%;--awb-order-medium:0;--awb-spacing-right-medium:3.84%;--awb-spacing-left-medium:3.84%;--awb-width-small:100%;--awb-order-small:0;--awb-spacing-right-small:1.92%;--awb-spacing-left-small:1.92%;\"><div class=\"fusion-column-wrapper fusion-column-has-shadow fusion-flex-justify-content-flex-start fusion-content-layout-column\"><div style=\"--awb-popover-heading-background-color:var(--awb-color8);--awb-popover-content-background-color:var(--awb-color8);--awb-popover-text-color:var(--awb-color1);--awb-popover-border-color:var(--awb-color7);\" class=\"awb-image-hotspots awb-image-hotspots-1 md-flex-align-center\"><div class=\"awb-image-hotspots-wrapper\"><img decoding=\"async\" src=\"https:\/\/cinar.md\/wp-content\/uploads\/2023\/03\/\u0420\u0435\u0441\u0443\u0440\u0441-2-3.png\" data-orig-src=\"https:\/\/cinar.md\/wp-content\/uploads\/2023\/03\/\u0420\u0435\u0441\u0443\u0440\u0441-2-3.png\" alt=\"\u0420\u0435\u0441\u0443\u0440\u0441 2\" width=\"800\" height=\"800\" title=\"\u0420\u0435\u0441\u0443\u0440\u0441 2\" class=\"lazyload awb-image-hotspots-image wp-image-2184\" srcset=\"data:image\/svg+xml,%3Csvg%20xmlns%3D%27http%3A%2F%2Fwww.w3.org%2F2000%2Fsvg%27%20width%3D%27800%27%20height%3D%27800%27%20viewBox%3D%270%200%20800%20800%27%3E%3Crect%20width%3D%27800%27%20height%3D%27800%27%20fill-opacity%3D%220%22%2F%3E%3C%2Fsvg%3E\" data-srcset=\"https:\/\/cinar.md\/wp-content\/uploads\/2023\/03\/\u0420\u0435\u0441\u0443\u0440\u0441-2-3-66x66.png 66w, https:\/\/cinar.md\/wp-content\/uploads\/2023\/03\/\u0420\u0435\u0441\u0443\u0440\u0441-2-3-150x150.png 150w, https:\/\/cinar.md\/wp-content\/uploads\/2023\/03\/\u0420\u0435\u0441\u0443\u0440\u0441-2-3-200x200.png 200w, https:\/\/cinar.md\/wp-content\/uploads\/2023\/03\/\u0420\u0435\u0441\u0443\u0440\u0441-2-3-300x300.png 300w, https:\/\/cinar.md\/wp-content\/uploads\/2023\/03\/\u0420\u0435\u0441\u0443\u0440\u0441-2-3-400x400.png 400w, https:\/\/cinar.md\/wp-content\/uploads\/2023\/03\/\u0420\u0435\u0441\u0443\u0440\u0441-2-3-600x600.png 600w, https:\/\/cinar.md\/wp-content\/uploads\/2023\/03\/\u0420\u0435\u0441\u0443\u0440\u0441-2-3-768x768.png 768w, https:\/\/cinar.md\/wp-content\/uploads\/2023\/03\/\u0420\u0435\u0441\u0443\u0440\u0441-2-3.png 800w\" data-sizes=\"auto\" data-orig-sizes=\"(max-width: 800px) 100vw, 800px\"\/><\/div><\/div><\/div><\/div><div class=\"fusion-layout-column fusion_builder_column fusion-builder-column-2 fusion_builder_column_1_2 1_2 fusion-flex-column fusion-flex-align-self-center\" style=\"--awb-padding-left:15x;--awb-bg-size:cover;--awb-width-large:50%;--awb-margin-top-large:0px;--awb-spacing-right-large:3.84%;--awb-margin-bottom-large:0px;--awb-spacing-left-large:3.84%;--awb-width-medium:50%;--awb-order-medium:0;--awb-spacing-right-medium:3.84%;--awb-spacing-left-medium:3.84%;--awb-width-small:100%;--awb-order-small:0;--awb-margin-top-small:40px;--awb-spacing-right-small:1.92%;--awb-spacing-left-small:1.92%;\"><div class=\"fusion-column-wrapper fusion-column-has-shadow fusion-flex-justify-content-flex-start fusion-content-layout-column\"><div class=\"fusion-builder-row fusion-builder-row-inner fusion-row fusion-flex-align-items-flex-start\" style=\"width:104% !important;max-width:104% !important;margin-left: calc(-4% \/ 2 );margin-right: calc(-4% \/ 2 );\"><div class=\"fusion-layout-column fusion_builder_column_inner fusion-builder-nested-column-0 fusion_builder_column_inner_1_1 1_1 fusion-flex-column\" style=\"--awb-bg-size:cover;--awb-width-large:100%;--awb-margin-top-large:0px;--awb-spacing-right-large:1.92%;--awb-margin-bottom-large:0px;--awb-spacing-left-large:1.92%;--awb-width-medium:100%;--awb-order-medium:0;--awb-spacing-right-medium:1.92%;--awb-spacing-left-medium:1.92%;--awb-width-small:100%;--awb-order-small:0;--awb-spacing-right-small:1.92%;--awb-spacing-left-small:1.92%;\"><div class=\"fusion-column-wrapper fusion-column-has-shadow fusion-flex-justify-content-flex-start fusion-content-layout-row\"><i class=\"fb-icon-element-1 fb-icon-element fontawesome-icon caterer-flames-icon circle-no fusion-text-flow\" style=\"--awb-iconcolor:var(--awb-color5);--awb-iconcolor-hover:var(--awb-color5);--awb-font-size:26px;--awb-margin-top:5px;\"><\/i><div class=\"fusion-text fusion-text-1\" style=\"--awb-font-size:var(--awb-typography2-font-size);--awb-line-height:var(--awb-typography2-line-height);--awb-letter-spacing:var(--awb-typography2-letter-spacing);--awb-text-transform:var(--awb-typography2-text-transform);--awb-text-font-family:var(--awb-typography2-font-family);--awb-text-font-weight:var(--awb-typography2-font-weight);--awb-text-font-style:var(--awb-typography2-font-style);\"><p>Despre Cinar<\/p>\n<\/div><\/div><\/div><\/div><div class=\"fusion-text fusion-text-2\" style=\"--awb-text-transform:none;--awb-margin-top:18px;\"><p><span style=\"background-color: var(--awb-bg-color); color: var(--awb-text-color); font-family: var(--awb-text-font-family); font-size: var(--awb-font-size); font-style: var(--awb-text-font-style); font-weight: var(--awb-text-font-weight); letter-spacing: var(--awb-letter-spacing); text-align: var(--awb-content-alignment); text-transform: var(--awb-text-transform);\">La fel Platan Oriental, Cinar &#8212; un copac majestic, care atinge propor\u021bii colosale<\/span><\/p>\n<p>\u0219i longevitate excep\u021bional\u0103.<\/p>\n<p>A fost c\u00e2ntat de multe popoare din diferite \u021b\u0103ri ca o plant\u0103 \u201eregal\u0103\u201d.<br \/>\nCu acest copac sunt asociate multe legende \u0219i povestiri.<\/p>\n<p>Platanii au fost planta\u021bi de per\u0219i, greci antici, romani antici l\u00e2ng\u0103 temple, locuin\u021be, izvoare, de-a lungul drumurilor. Egiptenii antici considerau Platanul drept \u201ecopacul Universului\u201d, l-au dedicat zei\u021bei cerului Nut, s-a rugat sub coroana lui,<br \/>\ni-a f\u0103cut sacrificii \u0219i daruri. \u00cen statul indian Kashmir, Platanul este considerat arborele na\u021bional. Platanul este un copac str\u0103vechi, amprentele frunzelor acestui copac se g\u0103sesc \u00eenc\u0103 \u00een depozitele de piatr\u0103 asupra spa\u021biilor din Alaska<br \/>\n\u0219i Groenlanda p\u00e2n\u0103 \u00een Caucaz \u0219i Asia Central\u0103.<\/p>\n<p>La fel mai spun c\u0103 CINAR (Platan) \u00eendepline\u0219te dorin\u021bele &#8212; trebuie doar<br \/>\ns\u0103 te g\u00e2nde\u0219ti la ceva bun \u0219i pozitiv, s\u0103 pui m\u00e2na pe trunchiul acestui copac<br \/>\ncu energetic\u0103 puternic\u0103 \u0219i dorin\u021ba se va \u00eemplini! CINAR<\/p>\n<\/div><\/div><\/div><\/div><\/div><div class=\"fusion-fullwidth fullwidth-box fusion-builder-row-3 fusion-flex-container nonhundred-percent-fullwidth non-hundred-percent-height-scrolling\" style=\"--awb-border-radius-top-left:0px;--awb-border-radius-top-right:0px;--awb-border-radius-bottom-right:0px;--awb-border-radius-bottom-left:0px;--awb-margin-top:100px;\" ><div class=\"fusion-builder-row fusion-row fusion-flex-align-items-flex-start\" style=\"max-width:1393.6px;margin-left: calc(-4% \/ 2 );margin-right: calc(-4% \/ 2 );\"><div class=\"fusion-layout-column fusion_builder_column fusion-builder-column-3 fusion_builder_column_1_1 1_1 fusion-flex-column\" style=\"--awb-bg-size:cover;--awb-width-large:100%;--awb-margin-top-large:0px;--awb-spacing-right-large:1.92%;--awb-margin-bottom-large:0px;--awb-spacing-left-large:1.92%;--awb-width-medium:100%;--awb-order-medium:0;--awb-spacing-right-medium:1.92%;--awb-spacing-left-medium:1.92%;--awb-width-small:100%;--awb-order-small:0;--awb-spacing-right-small:1.92%;--awb-spacing-left-small:1.92%;\"><div class=\"fusion-column-wrapper fusion-column-has-shadow fusion-flex-justify-content-flex-start fusion-content-layout-column\"><div class=\"fusion-image-element \" style=\"--awb-caption-title-font-family:var(--h2_typography-font-family);--awb-caption-title-font-weight:var(--h2_typography-font-weight);--awb-caption-title-font-style:var(--h2_typography-font-style);--awb-caption-title-size:var(--h2_typography-font-size);--awb-caption-title-transform:var(--h2_typography-text-transform);--awb-caption-title-line-height:var(--h2_typography-line-height);--awb-caption-title-letter-spacing:var(--h2_typography-letter-spacing);\"><span class=\" fusion-imageframe imageframe-none imageframe-1 hover-type-none\" class=\"image-magnify\" class=\"image-scroll\"><img decoding=\"async\" width=\"1200\" height=\"30\" title=\"\u0420\u0435\u0441\u0443\u0440\u0441 1\" src=\"https:\/\/cinar.md\/wp-content\/uploads\/2023\/03\/\u0420\u0435\u0441\u0443\u0440\u0441-1-1.png\" data-orig-src=\"https:\/\/cinar.md\/wp-content\/uploads\/2023\/03\/\u0420\u0435\u0441\u0443\u0440\u0441-1-1-1200x30.png\" alt class=\"lazyload img-responsive wp-image-2052\" srcset=\"data:image\/svg+xml,%3Csvg%20xmlns%3D%27http%3A%2F%2Fwww.w3.org%2F2000%2Fsvg%27%20width%3D%271359%27%20height%3D%2734%27%20viewBox%3D%270%200%201359%2034%27%3E%3Crect%20width%3D%271359%27%20height%3D%2734%27%20fill-opacity%3D%220%22%2F%3E%3C%2Fsvg%3E\" data-srcset=\"https:\/\/cinar.md\/wp-content\/uploads\/2023\/03\/\u0420\u0435\u0441\u0443\u0440\u0441-1-1-200x5.png 200w, https:\/\/cinar.md\/wp-content\/uploads\/2023\/03\/\u0420\u0435\u0441\u0443\u0440\u0441-1-1-400x10.png 400w, https:\/\/cinar.md\/wp-content\/uploads\/2023\/03\/\u0420\u0435\u0441\u0443\u0440\u0441-1-1-600x15.png 600w, https:\/\/cinar.md\/wp-content\/uploads\/2023\/03\/\u0420\u0435\u0441\u0443\u0440\u0441-1-1-800x20.png 800w, https:\/\/cinar.md\/wp-content\/uploads\/2023\/03\/\u0420\u0435\u0441\u0443\u0440\u0441-1-1-1200x30.png 1200w, https:\/\/cinar.md\/wp-content\/uploads\/2023\/03\/\u0420\u0435\u0441\u0443\u0440\u0441-1-1.png 1359w\" data-sizes=\"auto\" data-orig-sizes=\"(max-width: 800px) 100vw, 1200px\" \/><\/span><\/div><\/div><\/div><\/div><\/div><div class=\"fusion-fullwidth fullwidth-box fusion-builder-row-4 fusion-flex-container fusion-parallax-none hundred-percent-fullwidth non-hundred-percent-height-scrolling lazyload\" style=\"--awb-border-radius-top-left:0px;--awb-border-radius-top-right:0px;--awb-border-radius-bottom-right:0px;--awb-border-radius-bottom-left:0px;--awb-padding-right:0px;--awb-padding-left:0px;--awb-margin-top:80px;--awb-background-image:linear-gradient(270deg, var(--awb-color8) 0%,hsla(var(--awb-color8-h),var(--awb-color8-s),var(--awb-color8-l),calc( var(--awb-color8-a) - 90% )) 100%);;--awb-background-size:cover;\" data-bg=\"https:\/\/cinar.md\/wp-content\/uploads\/2023\/03\/\u0420\u0435\u0441\u0443\u0440\u0441-1-9-1200x469.png\" data-bg-gradient=\"linear-gradient(270deg, var(--awb-color8) 0%,hsla(var(--awb-color8-h),var(--awb-color8-s),var(--awb-color8-l),calc( var(--awb-color8-a) - 90% )) 100%)\" ><div class=\"fusion-builder-row fusion-row fusion-flex-align-items-flex-start fusion-flex-justify-content-center\" style=\"width:calc( 100% + 0px ) !important;max-width:calc( 100% + 0px ) !important;margin-left: calc(-0px \/ 2 );margin-right: calc(-0px \/ 2 );\"><div class=\"fusion-layout-column fusion_builder_column fusion-builder-column-4 fusion-flex-column\" style=\"--awb-padding-top:5vw;--awb-padding-bottom:5vw;--awb-padding-top-medium:40px;--awb-bg-size:cover;--awb-width-large:50%;--awb-margin-top-large:0px;--awb-spacing-right-large:0px;--awb-margin-bottom-large:0px;--awb-spacing-left-large:0px;--awb-width-medium:75%;--awb-order-medium:0;--awb-spacing-right-medium:0px;--awb-spacing-left-medium:0px;--awb-width-small:66.666666666667%;--awb-order-small:0;--awb-spacing-right-small:0px;--awb-spacing-left-small:0px;\"><div class=\"fusion-column-wrapper fusion-column-has-shadow fusion-flex-justify-content-flex-start fusion-content-layout-column\"><div class=\"fusion-builder-row fusion-builder-row-inner fusion-row fusion-flex-align-items-flex-start fusion-flex-justify-content-center\" style=\"width:calc( 100% + 0px ) !important;max-width:calc( 100% + 0px ) !important;margin-left: calc(-0px \/ 2 );margin-right: calc(-0px \/ 2 );\"><div class=\"fusion-layout-column fusion_builder_column_inner fusion-builder-nested-column-1 fusion_builder_column_inner_1_1 1_1 fusion-flex-column\" style=\"--awb-bg-size:cover;--awb-width-large:100%;--awb-margin-top-large:0px;--awb-spacing-right-large:0px;--awb-margin-bottom-large:0px;--awb-spacing-left-large:0px;--awb-width-medium:100%;--awb-order-medium:0;--awb-spacing-right-medium:0px;--awb-spacing-left-medium:0px;--awb-width-small:100%;--awb-order-small:0;--awb-spacing-right-small:0px;--awb-spacing-left-small:0px;\"><div class=\"fusion-column-wrapper fusion-column-has-shadow fusion-flex-justify-content-center fusion-content-layout-row\"><i class=\"fb-icon-element-2 fb-icon-element fontawesome-icon caterer-oven-to-doorstep circle-no fusion-text-flow\" style=\"--awb-iconcolor:var(--awb-color5);--awb-iconcolor-hover:var(--awb-color5);--awb-font-size:26px;--awb-margin-top:5px;\"><\/i><div class=\"fusion-text fusion-text-3\" style=\"--awb-font-size:var(--awb-typography2-font-size);--awb-line-height:var(--awb-typography2-line-height);--awb-letter-spacing:var(--awb-typography2-letter-spacing);--awb-text-transform:var(--awb-typography2-text-transform);--awb-text-color:var(--awb-color1);--awb-text-font-family:var(--awb-typography2-font-family);--awb-text-font-weight:var(--awb-typography2-font-weight);--awb-text-font-style:var(--awb-typography2-font-style);\"><p>CINAR RESTAURANT<\/p>\n<\/div><\/div><\/div><\/div><div class=\"fusion-title title fusion-title-1 fusion-sep-none fusion-title-center fusion-title-text fusion-title-size-two\" style=\"--awb-text-color:var(--awb-color1);--awb-margin-top:0px;\"><h2 class=\"title-heading-center\" style=\"margin:0;text-transform:capitalize;\">Meniul nostru<\/h2><\/div><div class=\"fusion-text fusion-text-4 fusion-text-no-margin\" style=\"--awb-content-alignment:center;--awb-text-transform:none;--awb-text-color:var(--awb-color1);--awb-margin-top:20px;--awb-margin-bottom:50px;\"><p>Unele dintre cele mai depline cu concepte, idei \u0219i gusturi din direc\u021bia restaurantelor \u2013sunt loca\u021biile ce ofer\u0103 Buc\u0103t\u0103rie de Autor.<\/p>\n<\/div><div style=\"text-align:center;\"><a class=\"fusion-button button-flat fusion-button-default-size button-custom fusion-button-default button-1 fusion-button-default-span fusion-button-default-type\" style=\"--button_bevel_color:var(--awb-color7);--button_accent_color:var(--awb-color1);--button_accent_hover_color:var(--awb-color7);--button_border_hover_color:var(--awb-color7);--button-border-radius-top-left:0;--button-border-radius-top-right:0;--button-border-radius-bottom-right:0;--button-border-radius-bottom-left:0;--button_gradient_top_color:var(--awb-color5);--button_gradient_bottom_color:var(--awb-color5);--button_gradient_top_color_hover:var(--awb-color1);--button_gradient_bottom_color_hover:var(--awb-color1);--button_font_size:20px;--button_padding-top:22px;--button_padding-right:40px;--button_padding-bottom:25px;--button_padding-left:40px;--button_margin-right:20px;\" target=\"_self\" href=\"https:\/\/cinar.md\/?page_id=2399&amp;lang=ro\"><span class=\"fusion-button-text\">Meniu<\/span><\/a><\/div><\/div><\/div><\/div><\/div><\/p>\n","protected":false},"excerpt":{"rendered":"","protected":false},"author":1,"featured_media":0,"parent":0,"menu_order":0,"comment_status":"closed","ping_status":"closed","template":"100-width.php","meta":{"footnotes":""},"class_list":["post-2403","page","type-page","status-publish","hentry"],"_links":{"self":[{"href":"https:\/\/cinar.md\/index.php?rest_route=\/wp\/v2\/pages\/2403","targetHints":{"allow":["GET"]}}],"collection":[{"href":"https:\/\/cinar.md\/index.php?rest_route=\/wp\/v2\/pages"}],"about":[{"href":"https:\/\/cinar.md\/index.php?rest_route=\/wp\/v2\/types\/page"}],"author":[{"embeddable":true,"href":"https:\/\/cinar.md\/index.php?rest_route=\/wp\/v2\/users\/1"}],"replies":[{"embeddable":true,"href":"https:\/\/cinar.md\/index.php?rest_route=%2Fwp%2Fv2%2Fcomments&post=2403"}],"version-history":[{"count":7,"href":"https:\/\/cinar.md\/index.php?rest_route=\/wp\/v2\/pages\/2403\/revisions"}],"predecessor-version":[{"id":2506,"href":"https:\/\/cinar.md\/index.php?rest_route=\/wp\/v2\/pages\/2403\/revisions\/2506"}],"wp:attachment":[{"href":"https:\/\/cinar.md\/index.php?rest_route=%2Fwp%2Fv2%2Fmedia&parent=2403"}],"curies":[{"name":"wp","href":"https:\/\/api.w.org\/{rel}","templated":true}]}}